{"id":1073,"date":"2024-10-28T19:53:29","date_gmt":"2024-10-28T18:53:29","guid":{"rendered":"https:\/\/psylyon-expats.com\/?page_id=1073"},"modified":"2025-04-16T12:55:49","modified_gmt":"2025-04-16T10:55:49","slug":"temoignages","status":"publish","type":"page","link":"https:\/\/psylyon6.com\/en\/temoignages\/","title":{"rendered":"Testimonials"},"content":{"rendered":"<div data-elementor-type=\"wp-page\" data-elementor-id=\"1073\" class=\"elementor elementor-1073\">\n\t\t\t\t<div class=\"elementor-element elementor-element-1374ab07 e-flex e-con-boxed e-con e-parent\" data-id=\"1374ab07\" data-element_type=\"container\" data-e-type=\"container\">\n\t\t\t\t\t<div class=\"e-con-inner\">\n\t\t\t\t<div class=\"elementor-element elementor-element-75debd28 elementor-widget elementor-widget-text-editor\" data-id=\"75debd28\" data-element_type=\"widget\" data-e-type=\"widget\" data-widget_type=\"text-editor.default\">\n\t\t\t\t<div class=\"elementor-widget-container\">\n\t\t\t\t\t\t\t\t\t\n<h4 class=\"wp-block-heading\">Patient Testimonials<\/h4>\n\n\n\n<p>The following testimonials are authentic, freely expressed by each individual, reflecting their own reality. I would like to thank them once again for sharing their personal experiences.<\/p>\n\n\n\n<p><\/p>\n\t\t\t\t\t\t\t\t<\/div>\n\t\t\t\t<\/div>\n\t\t\t\t\t<\/div>\n\t\t\t\t<\/div>\n\t\t<div class=\"elementor-element elementor-element-91fce68 e-flex e-con-boxed e-con e-parent\" data-id=\"91fce68\" data-element_type=\"container\" data-e-type=\"container\">\n\t\t\t\t\t<div class=\"e-con-inner\">\n\t\t<div class=\"elementor-element elementor-element-2e892bc e-con-full e-flex e-con e-child\" data-id=\"2e892bc\" data-element_type=\"container\" data-e-type=\"container\">\n\t\t<div class=\"elementor-element elementor-element-b93bec4 e-con-full e-flex e-con e-child\" data-id=\"b93bec4\" data-element_type=\"container\" data-e-type=\"container\">\n\t\t\t\t<div class=\"elementor-element elementor-element-80b0430 elementor-widget elementor-widget-testimonial-carousel\" data-id=\"80b0430\" data-element_type=\"widget\" data-e-type=\"widget\" data-widget_type=\"testimonial-carousel.default\">\n\t\t\t\t<div class=\"elementor-widget-container\">\n\t\t\t\t\t \t\t\t\t<\/div>\n\t\t\t\t<\/div>\n\t\t\t\t<\/div>\n\t\t\t\t<\/div>\n\t\t\t\t\t<\/div>\n\t\t\t\t<\/div>\n\t\t<div class=\"elementor-element elementor-element-b923a1e e-flex e-con-boxed e-con e-parent\" data-id=\"b923a1e\" data-element_type=\"container\" data-e-type=\"container\">\n\t\t\t\t\t<div class=\"e-con-inner\">\n\t\t\t\t<div class=\"elementor-element elementor-element-cbb1104 elementor-widget elementor-widget-html\" data-id=\"cbb1104\" data-element_type=\"widget\" data-e-type=\"widget\" data-widget_type=\"html.default\">\n\t\t\t\t<div class=\"elementor-widget-container\">\n\t\t\t\t\t<div id=\"js_widget\" class=\"ie-common-widget ie-reviews\">\r\n<script type=\"text\/javascript\" src=\"https:\/\/www.psychologue.net\/widget\/review_extended?com=451599&h=6b6c3cb5065c1c59a2453d1aa174e413&v=10\"><\/script>\r\n<div class=\"portal-by\">\r\n<a id=\"js_portal_by\" href=\"https:\/\/www.psychologue.net?utm_source=451599&amp;utm_medium=widget&amp;utm_campaign=widget-review_extended\" rel=\"nofollow noopener\" style=\"text-decoration:none;color:#617d97;font-family:Hind,sans-serif;\" target=\"_blank\">\r\nPar <span style='color:#149c97;font-family:Hind,sans-serif;font-weight:400;letter-spacing: 0.015em;text-decoration:underline;'>Psychologue.net<\/span>\r\n<\/a>\r\n<\/div>\r\n<\/div>\t\t\t\t<\/div>\n\t\t\t\t<\/div>\n\t\t\t\t\t<\/div>\n\t\t\t\t<\/div>\n\t\t\t\t<\/div>","protected":false},"excerpt":{"rendered":"<p>T\u00e9moignages de patients Les t\u00e9moignages ci-apr\u00e8s sont authentiques, librement exprim\u00e9s&nbsp;par chacune des personnes, refl\u00e9tant leur propre r\u00e9alit\u00e9. Je les remercie [&hellip;]<\/p>\n","protected":false},"author":1,"featured_media":0,"parent":0,"menu_order":0,"comment_status":"closed","ping_status":"closed","template":"","meta":{"postBodyCss":"","postBodyMargin":[],"postBodyPadding":[],"postBodyBackground":{"backgroundType":"classic","gradient":""},"site-sidebar-layout":"default","site-content-layout":"","ast-site-content-layout":"default","site-content-style":"default","site-sidebar-style":"default","ast-global-header-display":"","ast-banner-title-visibility":"","ast-main-header-display":"","ast-hfb-above-header-display":"","ast-hfb-below-header-display":"","ast-hfb-mobile-header-display":"","site-post-title":"disabled","ast-breadcrumbs-content":"","ast-featured-img":"","footer-sml-layout":"","ast-disable-related-posts":"","theme-transparent-header-meta":"","adv-header-id-meta":"","stick-header-meta":"","header-above-stick-meta":"","header-main-stick-meta":"","header-below-stick-meta":"","astra-migrate-meta-layouts":"default","ast-page-background-enabled":"default","ast-page-background-meta":{"desktop":{"background-color":"var(--ast-global-color-4)","background-image":"","background-repeat":"repeat","background-position":"center center","background-size":"auto","background-attachment":"scroll","background-type":"","background-media":"","overlay-type":"","overlay-color":"","overlay-opacity":"","overlay-gradient":""},"tablet":{"background-color":"","background-image":"","background-repeat":"repeat","background-position":"center center","background-size":"auto","background-attachment":"scroll","background-type":"","background-media":"","overlay-type":"","overlay-color":"","overlay-opacity":"","overlay-gradient":""},"mobile":{"background-color":"","background-image":"","background-repeat":"repeat","background-position":"center center","background-size":"auto","background-attachment":"scroll","background-type":"","background-media":"","overlay-type":"","overlay-color":"","overlay-opacity":"","overlay-gradient":""}},"ast-content-background-meta":{"desktop":{"background-color":"var(--ast-global-color-5)","background-image":"","background-repeat":"repeat","background-position":"center center","background-size":"auto","background-attachment":"scroll","background-type":"","background-media":"","overlay-type":"","overlay-color":"","overlay-opacity":"","overlay-gradient":""},"tablet":{"background-color":"var(--ast-global-color-5)","background-image":"","background-repeat":"repeat","background-position":"center center","background-size":"auto","background-attachment":"scroll","background-type":"","background-media":"","overlay-type":"","overlay-color":"","overlay-opacity":"","overlay-gradient":""},"mobile":{"background-color":"var(--ast-global-color-5)","background-image":"","background-repeat":"repeat","background-position":"center center","background-size":"auto","background-attachment":"scroll","background-type":"","background-media":"","overlay-type":"","overlay-color":"","overlay-opacity":"","overlay-gradient":""}},"footnotes":""},"class_list":["post-1073","page","type-page","status-publish","hentry"],"_links":{"self":[{"href":"https:\/\/psylyon6.com\/en\/wp-json\/wp\/v2\/pages\/1073","targetHints":{"allow":["GET"]}}],"collection":[{"href":"https:\/\/psylyon6.com\/en\/wp-json\/wp\/v2\/pages"}],"about":[{"href":"https:\/\/psylyon6.com\/en\/wp-json\/wp\/v2\/types\/page"}],"author":[{"embeddable":true,"href":"https:\/\/psylyon6.com\/en\/wp-json\/wp\/v2\/users\/1"}],"replies":[{"embeddable":true,"href":"https:\/\/psylyon6.com\/en\/wp-json\/wp\/v2\/comments?post=1073"}],"version-history":[{"count":18,"href":"https:\/\/psylyon6.com\/en\/wp-json\/wp\/v2\/pages\/1073\/revisions"}],"predecessor-version":[{"id":1769,"href":"https:\/\/psylyon6.com\/en\/wp-json\/wp\/v2\/pages\/1073\/revisions\/1769"}],"wp:attachment":[{"href":"https:\/\/psylyon6.com\/en\/wp-json\/wp\/v2\/media?parent=1073"}],"curies":[{"name":"wp","href":"https:\/\/api.w.org\/{rel}","templated":true}]}}