{"id":51,"date":"2024-10-01T08:00:00","date_gmt":"2024-10-01T06:00:00","guid":{"rendered":"https:\/\/psylyon-expats.com\/?page_id=51"},"modified":"2024-12-03T17:33:12","modified_gmt":"2024-12-03T16:33:12","slug":"coaching","status":"publish","type":"page","link":"https:\/\/psylyon6.com\/en\/coaching\/","title":{"rendered":"Coaching"},"content":{"rendered":"<div data-elementor-type=\"wp-page\" data-elementor-id=\"51\" class=\"elementor elementor-51\">\n\t\t\t\t<div class=\"elementor-element elementor-element-2d4ab337 e-flex e-con-boxed e-con e-parent\" data-id=\"2d4ab337\" data-element_type=\"container\" data-e-type=\"container\">\n\t\t\t\t\t<div class=\"e-con-inner\">\n\t\t\t\t<div class=\"elementor-element elementor-element-4c4758d9 elementor-widget elementor-widget-text-editor\" data-id=\"4c4758d9\" data-element_type=\"widget\" data-e-type=\"widget\" data-widget_type=\"text-editor.default\">\n\t\t\t\t<div class=\"elementor-widget-container\">\n\t\t\t\t\t\t\t\t\t\n<h4 class=\"wp-block-heading\">Coaching by Anne-Sophie<\/h4>\n\n<p>The line between therapy and coaching can sometimes be thin, and the advantage of having a therapist who is skilled in both areas is the ability to offer you one or the other\u2014or both\u2014depending on the challenges you face and how they evolve. Furthermore, whether the issues are professional or personal, it is the same individual experiencing them, along with their resources, emotions, and life experiences. Therefore, it's important to take this into account.<\/p>\n\n<p><br \/>Coaching is suitable for:<\/p>\n\n<ul class=\"wp-block-list\">\n<li>Navigating academic paths and career advancements<\/li>\n\n<li>Career transitions or life changes without complex psychological issues<\/li>\n\n<li>Untangling difficult professional situations: relational conflicts, layoffs, voluntary or involuntary job changes, workplace harassment<\/li>\n\n<li>Successfully managing recruitment processes and settling into a new role<\/li>\n<\/ul>\n\n<p>Coaching, like therapy, is a gift to yourself and your self-esteem\u2014whether it\u2019s chosen, prescribed, or even required, and whether it\u2019s done individually or in a group setting. Strategic and systemic coaching, inspired by the Palo Alto model, focuses on the individual\u2019s relationship with themselves and their environment. Instead of dwelling on causes or \"why,\" it emphasizes creating change by addressing the impact of the problem within its context. This approach equips you with practical, adaptable tools that open the door to fresh perspectives. Ultimately, coaching brings greater ease to your daily life, with a particular focus on improving your professional well-being.<br \/>It takes into account the work context, as well as the emotional, cognitive, and behavioral components of professional issues, with a particular focus on the relational dimension inherent in the systemic approach.<br \/>It allows for a respectful consideration of the client's personal ecology and relationships, and can quickly bring about profound and lasting changes.<br \/>Coaching modalities are tailored to your specific situation: face-to-face meetings, phone or video consultations, individual sessions, triadic meetings, and email follow-ups.<br \/>Sessions typically last 1.5 hours. The number of sessions and their frequency are determined based on your needs and the goals you wish to achieve, usually starting with an average of two sessions in the first few months, followed by gradually spaced-out sessions.<\/p>\n\n<p>In support of coaching,\u00a0<strong>HR consulting includes:<\/strong><\/p>\n\n<ul class=\"wp-block-list\">\n<li>Professional mobility (particularly international opportunities)<\/li>\n\n<li>Interview preparation<\/li>\n\n<li>Support for onboarding in a new role<\/li>\n\n<li>Contract termination (whether voluntary or involuntary)<\/li>\n<\/ul>\n\n<p>My proven experience in human resources and navigating complex interpersonal relationships in diverse, multicultural professional environments enables me to guide and support you in resolving existing issues or anticipating potential challenges.<\/p>\n\n<p>\u00a0<\/p>\n\t\t\t\t\t\t\t\t<\/div>\n\t\t\t\t<\/div>\n\t\t\t\t\t<\/div>\n\t\t\t\t<\/div>\n\t\t\t\t<\/div>","protected":false},"excerpt":{"rendered":"<p>Le coaching\u00a0par Anne-Sophie La fronti\u00e8re entre th\u00e9rapie et coaching est parfois t\u00e9nue et l\u2019avantage quand votre th\u00e9rapeute a les deux [&hellip;]<\/p>\n","protected":false},"author":1,"featured_media":0,"parent":0,"menu_order":0,"comment_status":"closed","ping_status":"closed","template":"","meta":{"postBodyCss":"","postBodyMargin":[],"postBodyPadding":[],"postBodyBackground":{"backgroundType":"classic","gradient":""},"site-sidebar-layout":"default","site-content-layout":"","ast-site-content-layout":"default","site-content-style":"default","site-sidebar-style":"default","ast-global-header-display":"","ast-banner-title-visibility":"","ast-main-header-display":"","ast-hfb-above-header-display":"","ast-hfb-below-header-display":"","ast-hfb-mobile-header-display":"","site-post-title":"disabled","ast-breadcrumbs-content":"","ast-featured-img":"","footer-sml-layout":"","ast-disable-related-posts":"","theme-transparent-header-meta":"","adv-header-id-meta":"","stick-header-meta":"","header-above-stick-meta":"","header-main-stick-meta":"","header-below-stick-meta":"","astra-migrate-meta-layouts":"default","ast-page-background-enabled":"default","ast-page-background-meta":{"desktop":{"background-color":"var(--ast-global-color-4)","background-image":"","background-repeat":"repeat","background-position":"center center","background-size":"auto","background-attachment":"scroll","background-type":"","background-media":"","overlay-type":"","overlay-color":"","overlay-opacity":"","overlay-gradient":""},"tablet":{"background-color":"","background-image":"","background-repeat":"repeat","background-position":"center center","background-size":"auto","background-attachment":"scroll","background-type":"","background-media":"","overlay-type":"","overlay-color":"","overlay-opacity":"","overlay-gradient":""},"mobile":{"background-color":"","background-image":"","background-repeat":"repeat","background-position":"center center","background-size":"auto","background-attachment":"scroll","background-type":"","background-media":"","overlay-type":"","overlay-color":"","overlay-opacity":"","overlay-gradient":""}},"ast-content-background-meta":{"desktop":{"background-color":"var(--ast-global-color-5)","background-image":"","background-repeat":"repeat","background-position":"center center","background-size":"auto","background-attachment":"scroll","background-type":"","background-media":"","overlay-type":"","overlay-color":"","overlay-opacity":"","overlay-gradient":""},"tablet":{"background-color":"var(--ast-global-color-5)","background-image":"","background-repeat":"repeat","background-position":"center center","background-size":"auto","background-attachment":"scroll","background-type":"","background-media":"","overlay-type":"","overlay-color":"","overlay-opacity":"","overlay-gradient":""},"mobile":{"background-color":"var(--ast-global-color-5)","background-image":"","background-repeat":"repeat","background-position":"center center","background-size":"auto","background-attachment":"scroll","background-type":"","background-media":"","overlay-type":"","overlay-color":"","overlay-opacity":"","overlay-gradient":""}},"footnotes":""},"class_list":["post-51","page","type-page","status-publish","hentry"],"_links":{"self":[{"href":"https:\/\/psylyon6.com\/en\/wp-json\/wp\/v2\/pages\/51","targetHints":{"allow":["GET"]}}],"collection":[{"href":"https:\/\/psylyon6.com\/en\/wp-json\/wp\/v2\/pages"}],"about":[{"href":"https:\/\/psylyon6.com\/en\/wp-json\/wp\/v2\/types\/page"}],"author":[{"embeddable":true,"href":"https:\/\/psylyon6.com\/en\/wp-json\/wp\/v2\/users\/1"}],"replies":[{"embeddable":true,"href":"https:\/\/psylyon6.com\/en\/wp-json\/wp\/v2\/comments?post=51"}],"version-history":[{"count":11,"href":"https:\/\/psylyon6.com\/en\/wp-json\/wp\/v2\/pages\/51\/revisions"}],"predecessor-version":[{"id":1331,"href":"https:\/\/psylyon6.com\/en\/wp-json\/wp\/v2\/pages\/51\/revisions\/1331"}],"wp:attachment":[{"href":"https:\/\/psylyon6.com\/en\/wp-json\/wp\/v2\/media?parent=51"}],"curies":[{"name":"wp","href":"https:\/\/api.w.org\/{rel}","templated":true}]}}