{"id":53,"date":"2024-10-01T08:00:00","date_gmt":"2024-10-01T06:00:00","guid":{"rendered":"https:\/\/psylyon-expats.com\/?page_id=53"},"modified":"2024-12-03T17:38:19","modified_gmt":"2024-12-03T16:38:19","slug":"hypnose-ericksonienne","status":"publish","type":"page","link":"https:\/\/psylyon6.com\/en\/hypnose-ericksonienne\/","title":{"rendered":"Ericksonian Hypnosis"},"content":{"rendered":"<div data-elementor-type=\"wp-page\" data-elementor-id=\"53\" class=\"elementor elementor-53\">\n\t\t\t\t<div class=\"elementor-element elementor-element-100e347e e-flex e-con-boxed e-con e-parent\" data-id=\"100e347e\" data-element_type=\"container\" data-e-type=\"container\">\n\t\t\t\t\t<div class=\"e-con-inner\">\n\t\t\t\t<div class=\"elementor-element elementor-element-6b62123e elementor-widget elementor-widget-text-editor\" data-id=\"6b62123e\" data-element_type=\"widget\" data-e-type=\"widget\" data-widget_type=\"text-editor.default\">\n\t\t\t\t<div class=\"elementor-widget-container\">\n\t\t\t\t\t\t\t\t\t\n<h4 id=\"demarche\" class=\"wp-block-heading\">Ericksonian hypnosis by Anne-Sophie<\/h4>\n\n<blockquote class=\"wp-block-quote is-layout-flow wp-block-quote-is-layout-flow\">\n<p><em>\u00ab\u00a0It is only when we can tolerate not having control over everything that we make room for the miraculous to happen<\/em>. <em>\u00bb<\/em><\/p>\n<cite>Erica Jong<\/cite><\/blockquote>\n\n<p>In my practice of\u00a0<strong><a href=\"https:\/\/en.wikipedia.org\/wiki\/Systemic_therapy\" target=\"_blank\" rel=\"noopener\">systemic therapy<\/a><\/strong>, I occasionally use the wonderful tool of Ericksonian hypnosis.<\/p>\n\n<p>Ericksonian hypnosis, also known as conversational hypnosis, was developed by Milton Erickson (1901-1980), an American psychiatrist.<br \/>\"This sleep that awakens,\" a beautiful oxymoron coined by Milton Erickson, allows each person to access their own personal therapist, the expert within them. In this way, a triple therapeutic alliance is formed: the therapist provides the keys, the patient unlocks the doors, and the unconscious comes to life.<\/p>\n\n<p>In France, it was only in 2013 that hypnosis was medically recognized, thanks to the influence of Dr. J.M. Benhaiem, a physician and hypnotherapist, who is the president of the French Association for the Study of Medical Hypnosis (AFEHM). This association provides training in hypnosis at the Piti\u00e9-Salp\u00eatri\u00e8re Medical School.<\/p>\n\n<p>Ericksonian hypnosis is a technique, an instrument that liberates, and an incredible accelerator of effectiveness. The therapist holds no power in hypnosis; they simply have the ability to help the patient return to a natural state\u2014a so-called altered state of consciousness that they already experience, often without realizing it, approximately every 90 minutes in their daily lives. \n\nOn average, we receive about a billion pieces of information in a day, so our brains need breaks. We are already familiar with these fleeting hypnotic states: when we gaze out the window and drift into our thoughts, when we contemplate an image and let our minds wander, or when we read or watch a movie and simultaneously escape into another world. We are present yet elsewhere at the same time. It\u2019s a state of consciousness that allows us to forget the surrounding reality and experience a mental disconnection.<\/p>\n\n<p><br \/>It\u2019s not about putting you to sleep\u2014it\u2019s about achieving deep relaxation that fosters new connections and brings you back in touch with your body and its sensations. Hypnosis is more about feeling than understanding. It helps you connect with your inner resources.  \n\nIn our conscious mind, there\u2019s a little voice\u2014what\u2019s known as the critical factor\u2014that says, \u201cI can do this\u201d or \u201cThis is impossible, I\u2019ll never manage it.\u201d This voice is shaped by our experiences and what we\u2019ve learned over time. Whether the voice is encouraging or limiting, the essence of hypnosis is to bypass it and temporarily disconnect from everyday reality.<\/p>\n\n<figure class=\"wp-block-image aligncenter\"><img decoding=\"async\" class=\"wp-image-749\" src=\"https:\/\/psy-tokyo.com\/wp-content\/uploads\/2020\/11\/Bambous.jpg\" alt=\"\" \/><\/figure>\n\n<p>Hypnosis is also a journey, one that alters the perception of reality through indirect suggestions and imagery, engaging solely with the imagination. These hypnotic suggestions help recreate neural connections similar to those formed through real-life experiences. After all, we are constantly shaping our reality based on our imagination.<\/p>\n\n<p>In hypnosis, we often draw on our relationship with nature. In Japan, nature is well-preserved and plays a significant role in daily life. It serves as a great source of inspiration for my hypnosis protocols.<br \/>Hypnosis allows us to reprogram our perception of a situation or sensation. Under hypnosis, our sensory perception is altered, and our brain activity is amplified. Hypnosis reveals the incredible power of our mind.<\/p>\n\n<p>The induction of hypnosis involves 5Cs (4 in English):<\/p>\n\n<ul class=\"wp-block-list\">\n<li>Calm<\/li>\n\n<li>Trust<\/li>\n\n<li>Concentration<\/li>\n\n<li>Control<\/li>\n\n<li>Consistency<\/li>\n<\/ul>\n\n<p>To learn more about hypnosis, you can find an excellent program from France Inter, aired on September 10, 2018, in my recommendations.\u00a0<a href=\"https:\/\/www.franceinter.fr\/emissions\/grand-bien-vous-fasse\/grand-bien-vous-fasse-10-septembre-2018\" target=\"_blank\" rel=\"noreferrer noopener\">Click here to listen to it directly.<\/a>.<\/p>\n\n<p>\u00a0<\/p>\n\t\t\t\t\t\t\t\t<\/div>\n\t\t\t\t<\/div>\n\t\t\t\t\t<\/div>\n\t\t\t\t<\/div>\n\t\t\t\t<\/div>","protected":false},"excerpt":{"rendered":"<p>L\u2019hypnose ericksonienne\u00a0par Anne-Sophie \u00ab\u00a0C\u2019est seulement quand on peut tol\u00e9rer de ne pas tout ma\u00eetriser qu\u2019on laisse au miraculeux la place [&hellip;]<\/p>\n","protected":false},"author":1,"featured_media":0,"parent":0,"menu_order":0,"comment_status":"closed","ping_status":"closed","template":"","meta":{"postBodyCss":"","postBodyMargin":[],"postBodyPadding":[],"postBodyBackground":{"backgroundType":"classic","gradient":""},"site-sidebar-layout":"default","site-content-layout":"","ast-site-content-layout":"default","site-content-style":"default","site-sidebar-style":"default","ast-global-header-display":"","ast-banner-title-visibility":"","ast-main-header-display":"","ast-hfb-above-header-display":"","ast-hfb-below-header-display":"","ast-hfb-mobile-header-display":"","site-post-title":"disabled","ast-breadcrumbs-content":"","ast-featured-img":"","footer-sml-layout":"","ast-disable-related-posts":"","theme-transparent-header-meta":"","adv-header-id-meta":"","stick-header-meta":"","header-above-stick-meta":"","header-main-stick-meta":"","header-below-stick-meta":"","astra-migrate-meta-layouts":"default","ast-page-background-enabled":"default","ast-page-background-meta":{"desktop":{"background-color":"var(--ast-global-color-4)","background-image":"","background-repeat":"repeat","background-position":"center center","background-size":"auto","background-attachment":"scroll","background-type":"","background-media":"","overlay-type":"","overlay-color":"","overlay-opacity":"","overlay-gradient":""},"tablet":{"background-color":"","background-image":"","background-repeat":"repeat","background-position":"center center","background-size":"auto","background-attachment":"scroll","background-type":"","background-media":"","overlay-type":"","overlay-color":"","overlay-opacity":"","overlay-gradient":""},"mobile":{"background-color":"","background-image":"","background-repeat":"repeat","background-position":"center center","background-size":"auto","background-attachment":"scroll","background-type":"","background-media":"","overlay-type":"","overlay-color":"","overlay-opacity":"","overlay-gradient":""}},"ast-content-background-meta":{"desktop":{"background-color":"var(--ast-global-color-5)","background-image":"","background-repeat":"repeat","background-position":"center center","background-size":"auto","background-attachment":"scroll","background-type":"","background-media":"","overlay-type":"","overlay-color":"","overlay-opacity":"","overlay-gradient":""},"tablet":{"background-color":"var(--ast-global-color-5)","background-image":"","background-repeat":"repeat","background-position":"center center","background-size":"auto","background-attachment":"scroll","background-type":"","background-media":"","overlay-type":"","overlay-color":"","overlay-opacity":"","overlay-gradient":""},"mobile":{"background-color":"var(--ast-global-color-5)","background-image":"","background-repeat":"repeat","background-position":"center center","background-size":"auto","background-attachment":"scroll","background-type":"","background-media":"","overlay-type":"","overlay-color":"","overlay-opacity":"","overlay-gradient":""}},"footnotes":""},"class_list":["post-53","page","type-page","status-publish","hentry"],"_links":{"self":[{"href":"https:\/\/psylyon6.com\/en\/wp-json\/wp\/v2\/pages\/53","targetHints":{"allow":["GET"]}}],"collection":[{"href":"https:\/\/psylyon6.com\/en\/wp-json\/wp\/v2\/pages"}],"about":[{"href":"https:\/\/psylyon6.com\/en\/wp-json\/wp\/v2\/types\/page"}],"author":[{"embeddable":true,"href":"https:\/\/psylyon6.com\/en\/wp-json\/wp\/v2\/users\/1"}],"replies":[{"embeddable":true,"href":"https:\/\/psylyon6.com\/en\/wp-json\/wp\/v2\/comments?post=53"}],"version-history":[{"count":16,"href":"https:\/\/psylyon6.com\/en\/wp-json\/wp\/v2\/pages\/53\/revisions"}],"predecessor-version":[{"id":1337,"href":"https:\/\/psylyon6.com\/en\/wp-json\/wp\/v2\/pages\/53\/revisions\/1337"}],"wp:attachment":[{"href":"https:\/\/psylyon6.com\/en\/wp-json\/wp\/v2\/media?parent=53"}],"curies":[{"name":"wp","href":"https:\/\/api.w.org\/{rel}","templated":true}]}}